{"id":363,"date":"2023-03-08T16:39:04","date_gmt":"2023-03-08T16:39:04","guid":{"rendered":"https:\/\/www.elisabeth-apartments.de\/datenschutzerklaerung\/"},"modified":"2026-03-05T16:36:24","modified_gmt":"2026-03-05T16:36:24","slug":"data-protection-declaration","status":"publish","type":"page","link":"https:\/\/www.elisabeth-apartments.de\/en\/data-protection-declaration\/","title":{"rendered":"Data protection declaration"},"content":{"rendered":"<h2 style=\"text-align: left\">General and mandatory information<\/h2>\n<h2 style=\"text-align: left\">Designation of the responsible organisation<\/h2>\n<p style=\"text-align: left\">The responsible organisation for data processing on this website is:<br \/>\nMARBURGER GRUND Service GmbH<br \/>\nDr. Bj\u00f6rn Busch \/ Imke M\u00fcller-Sajak<br \/>\nSteinweg 45<br \/>\n35037 Marburg<br \/>\nThe responsible person decides alone or jointly with others on the purposes and means of processing personal data (for example names, contact details, etc.).<\/p>\n<h2 style=\"text-align: left\">Revocation of your consent to data processing<\/h2>\n<p style=\"text-align: left\">Some data processing operations are only possible with your consent. You can revoke the consent you have already given at any time. An informal notification by email is sufficient to revoke your consent. The lawfulness of the data processing carried out until the revocation remains unaffected by the revocation.<\/p>\n<h2 style=\"text-align: left\">Right to complain with the relevant supervisory authority<\/h2>\n<p style=\"text-align: left\">As a data subject, you have the right to lodge a complaint with the responsible supervisory authority in the event of a data protection violation. The responsible supervisory authority for data protection issues is the state data protection officer of the federal state in which our company is based. The following link provides a list of data protection officers and their contact details : <a href=\"https:\/\/www.bfdi.bund.de\/DE\/Infothek\/Anschriften_Links\/anschriften_links-node.html\" target=\"_blank\" rel=\"noopener\">here<\/a>.<\/p>\n<h2 style=\"text-align: left\">Right to data portability<\/h2>\n<p style=\"text-align: left\">You have the right to have data that we process automatically based on your consent or in fulfillment of a contract handed over to you or to third person. It is provided in a machine-readable format. If you request the data to be transferred directly to another person responsible, this will only be done if it is technically possible.<\/p>\n<h2 style=\"text-align: left\">SSL- bzw. TLS-Verschl\u00fcsselung<\/h2>\n<p style=\"text-align: left\">For security reasons and to protect the transmission of confidential content that you send to us as the site operator, our website uses an SSL or TLS encryption. This means that data that you transmit via this website can not be read by third person. You can recognize an encrypted connection by the \u201chttps:\/\/\u201d address line in your browser and by the lock symbol in the browser line.<\/p>\n<h2 style=\"text-align: left\">Server log files<\/h2>\n<p style=\"text-align: left\">The website provider automatically collects and stores information in server log files that your browser automatically transmits to us. These are:<br \/>\n\u2022 Browser type and browser version<br \/>\n\u2022 Operating system you use<br \/>\n\u2022 Referrer URL<br \/>\n\u2022 Host name of the accessing computer<br \/>\n\u2022 Time of server request<br \/>\n\u2022 IP address<br \/>\nThis data will not be merged with other data sources. The basis for data processing is Art. 6 Abs. 1 lit. b GDPR, which allows the processing of data to fulfill a contract or pre-contractual measures.<\/p>\n<h2 style=\"text-align: left\">Data transmission by a contract for the purchase and shipping<\/h2>\n<p style=\"text-align: left\">Personal data will only be transmitted to third person if necessary in the context of contract processing. The third person can be, for example, payment service providers or logistics companies. No further transmission of data will take place or only if you have expressly agreed to this. The basis for data processing is Article 6 (1) (b) GDPR, which allows the processing of data to fulfill a contract or pre-contractual measures.<\/p>\n<h2 style=\"text-align: left\">Registration on this website<\/h2>\n<p style=\"text-align: left\">To use certain functions, you can register on our website. The data transmitted is used exclusively for the purpose of using the respective offer or service. Mandatory information requested during registration must be provided in full. Otherwise we will reject the registration.<br \/>\nIn the event of important changes, for example for technical reasons, we will inform you by email. The email will be sent to the address provided during registration.<br \/>\nThe data entered during registration is processed based on your consent (Art. 6 Para. 1 lit. a GDPR). You can revoke the consent you have already given at any time. An informal notification by email is sufficient to revoke your consent. The legality of the data processing that has already taken place remains unaffected by the revocation.<br \/>\nWe store the data collected during registration for the period that you are registered on our website. Your data will be deleted if you cancel your registration. Statutory retention periods remain unaffected.<\/p>\n<h2 style=\"text-align: left\">Contact form<\/h2>\n<p style=\"text-align: left\">Data transmitted via the contact form, including your contact details, will be stored in order to be able to process your request or to be available to answer follow-up questions. This data will not be passed on without your consent.<br \/>\nThe data entered into the contact form is processed exclusively on the basis of your consent (Art. 6 Para. 1 lit. a GDPR). You can revoke the consent you have already given at any time. An informal notification by email is sufficient to revoke your consent. The legality of the data processing operations carried out up to the time of revocation remains unaffected by the revocation.<br \/>\nData transmitted via the contact form will remain with us until you request us to delete it, revoke your consent to storage or there is no longer any need to store the data. Mandatory legal provisions \u2013 in particular retention periods \u2013 remain unaffected.<\/p>\n<h2 style=\"text-align: left\">Saving period for posts and comments<\/h2>\n<p style=\"text-align: left\">Posts and comments as well as related data, such as IP addresses, are stored. The content remains on our website until it has been completely deleted or required to be deleted for legal reasons.<br \/>\nThe storage of posts and comments is based on your consent (Art. 6 Para. 1 lit. a GDPR). You can revoke the consent you have already given at any time. An informal notification by email is sufficient to revoke your consent. The legality of data processing operations that have already taken place remains unaffected by the revocation.<\/p>\n<h2 style=\"text-align: left\">Subscribe to comments<\/h2>\n<p style=\"text-align: left\">As a user of our website, you can subscribe to comments after registering. We will send a confirmation email to check whether you are the owner of the email address provided. You can unsubscribe from the comment subscription function at any time via a link contained in a subscription email. Data entered to set up the subscription will be deleted if you unsubscribe. If this data has been transmitted to us for other purposes and elsewhere, it will remain with us.<\/p>\n<h2 style=\"text-align: left\">YouTube<\/h2>\n<p style=\"text-align: left\">Our website uses plugins from YouTube to integrate and display video content. The provider of the video portal is YouTube, LLC, 901 Cherry Ave., San Bruno, CA 94066, USA.<br \/>\nWhen you access a page with an integrated YouTube plugin, a connection to YouTube&#8217;s servers is established. This tells YouTube which of our pages you have accessed.<br \/>\nYouTube can assign your surfing behavior directly to your personal profile if you are logged into your YouTube account. You can prevent this by logging out beforehand.<br \/>\nThe use of YouTube is in the interest of an attractive presentation of our online offerings. This represents a legitimate interest within the meaning of Article 6 Paragraph 1 Letter f Details on how to handle user data can be found in YouTube&#8217;s privacy policy at: <a href=\"https:\/\/www.google.de\/intl\/de\/policies\/privacy\" target=\"_blank\" rel=\"noopener\">https:\/\/www.google.de\/intl\/de\/policies\/privacy<\/a>.<\/p>\n<h2 style=\"text-align: left\">Vimeo<\/h2>\n<p style=\"text-align: left\">Our website uses Vimeo plugins to integrate and display video content. The provider of the video portal is Vimeo Inc., 555 West 18th Street, New York, New York 10011, USA.<br \/>\nWhen you access a page with an integrated Vimeo plugin, a connection to the Vimeo servers is established. This tells Vimeo which of our pages you have accessed. Vimeo learns your IP address even if you are not logged in to the video portal or do not have an account there. The information collected by Vimeo is transmitted to the video portal&#8217;s servers in the USA. Vimeo can assign your surfing behavior directly to your personal profile. You can prevent this by logging out beforehand.<br \/>\nDetails on how to handle user data can be found in Vimeo&#8217;s privacy policy at: <a href=\"https:\/\/vimeo.com\/privacy\" target=\"_blank\" rel=\"noopener\">https:\/\/vimeo.com\/privacy<\/a>.<\/p>\n<h2 style=\"text-align: left\">Cookies<\/h2>\n<p style=\"text-align: left\">Our website uses cookies. These are small text files that your web browser stores on your device. Cookies help us to make our offering more user-friendly, effective and secure. Some cookies are \u201csession cookies.\u201d Such cookies are automatically deleted at the end of your browser session. However, other cookies remain on your device until you delete them yourself. Such cookies help us to recognize you when you return to our website.<br \/>\nWith a modern web browser you can monitor, restrict or prevent the setting of cookies. Many web browsers can be configured so that cookies are deleted automatically when the program is closed. Deactivating cookies may result in limited functionality of our website.<br \/>\nThe setting of cookies that are necessary to carry out electronic communication processes or to provide certain functions you require (e.g. shopping cart) is based on Art. 6 Para. 1 lit. f GDPR. As the operator of this website, we have a legitimate interest in storing cookies to ensure that our services are technically error-free and seamless. If other cookies are set (e.g. for analysis functions), they will be treated separately in this data protection declaration.<\/p>\n<h2 style=\"text-align: left\">Google Analytics<\/h2>\n<p style=\"text-align: left\">Our website uses functions of the web analysis service Google Analytics. The provider of the web analysis service is Google Inc., 1600 Amphitheatre Parkway, Mountain View, CA 94043, USA.<br \/>\nGoogle Analytics uses \u201ccookies.\u201d These are small text files that your web browser stores on your device and enable website usage to be analyzed. Information generated by cookies about your use of our website is transmitted to a Google server and stored there. The server location is usually the USA.<br \/>\nGoogle Analytics cookies are set on the basis of Article 6 (1) (f) GDPR. As the operator of this website, we have a legitimate interest in analyzing user behavior in order to optimize our website and, if necessary, advertising.<\/p>\n<h2 style=\"text-align: left\">IP anonymization<\/h2>\n<p style=\"text-align: left\">We use Google Analytics in conjunction with the IP anonymization function. It guarantees that Google shortens your IP address within member states of the European Union or in other contracting states to the Agreement on the European Economic Area before transmitting it to the USA. There may be exceptional cases in which Google transfers the full IP address to a server in the USA and shortens it there. On our behalf, Google will use this information to evaluate your use of the website, to create reports on website activity and to provide us with other services relating to website activity and internet usage. The IP address transmitted by Google Analytics is not merged with other Google data.<\/p>\n<h2 style=\"text-align: left\">Browser Plugin<\/h2>\n<p style=\"text-align: left\">The setting of cookies by your web browser can be prevented. However, this could limit some functions of our website. You can also prevent the collection of data relating to your website use, including your IP address, and subsequent processing by Google. This is possible by downloading and installing the browser plugin available via the following link: <a href=\"https:\/\/tools.google.com\/dlpage\/gaoptout?hl=de\" target=\"_blank\" rel=\"noopener\">https:\/\/tools.google.com\/dlpage\/gaoptout?hl=de<\/a>.<\/p>\n<h2 style=\"text-align: left\">Objection to data collection<\/h2>\n<p style=\"text-align: left\">You can prevent Google Analytics from collecting your data by clicking on the following link. An opt-out cookie will be set to prevent your data from being collected on future visits to our website: deactivate Google Analytics.<br \/>\nDetails on how Google Analytics handles user data can be found in Google&#8217;s privacy policy: <a href=\"https:\/\/support.google.com\/analytics\/answer\/6004245?hl=de\" target=\"_blank\" rel=\"noopener\">here<\/a>.<\/p>\n<h2 style=\"text-align: left\">Order processing<\/h2>\n<p style=\"text-align: left\">In order to fully comply with legal data protection requirements, we have concluded an order processing contract with Google.<\/p>\n<h2 style=\"text-align: left\">Demographic characteristics in Google Analytics<\/h2>\n<p style=\"text-align: left\">Our website uses the \u201cdemographic characteristics\u201d function of Google Analytics. It can be used to create reports that contain information about the age, gender and interests of site visitors. This data comes from interest-based advertising from Google and third visitor data. It is not possible to assign the data to a specific person. You can deactivate this function at any time. This is possible via the ad settings in your Google account or by generally prohibiting the collection of your data by Google Analytics, as explained in the section \u201cObjection to data collection\u201d.<\/p>\n<h2 style=\"text-align: left\">Pinterest Plugin<\/h2>\n<p style=\"text-align: left\">Our website uses functions of the social network Pinterest. The provider is the Pinterest Inc., 808 Brannan Street, San Francisco, CA 94103-490, USA.<br \/>\nWhen you access a page with Pinterest functions, your browser establishes a direct connection to the Pinterest servers. Log data is transmitted to Pinterest\u2019s servers. The servers are located in the USA. The log data may allow conclusions to be drawn about your IP address, websites visited, browser type and settings, date and time of the request, how you use Pinterest and cookies.<br \/>\nFor details, please see Pinterest&#8217;s privacy policy: <a href=\"https:\/\/about.pinterest.com\/de\/privacy-policy\">https:\/\/about.pinterest.com\/de\/privacy-policy<\/a>.<\/p>\n<h2 style=\"text-align: left\">Google AdSense<\/h2>\n<p style=\"text-align: left\">Our website uses Google AdSense. The provider is the Google Inc., 1600 Amphitheatre Parkway, Mountain View, CA 94043, USA.<br \/>\nGoogle AdSense is used to integrate advertisements and sets cookies. Cookies are small text files that your web browser stores on your device in order to analyze the use of the website. Google AdSense also uses web beacons. Web beacons are invisible graphics that enable analysis of visitor traffic on our website.<br \/>\nInformation generated by cookies and web beacons is transmitted to Google servers and stored there. Server location is the USA. Google may pass on this information to contractual partners. However, Google will not combine your IP address with other data stored by you.<br \/>\nAdSense cookies are stored on the basis of Article 6 (1) (f) GDPR. As website operators, we have a legitimate interest in analyzing user behavior in order to optimize our website and our advertising.<br \/>\nWith a modern web browser you can monitor, restrict and prevent the setting of cookies. Deactivating cookies may result in limited functionality of our website. By using our website, you agree to the processing of the data collected about you by Google in the manner and for the purpose described above.<\/p>\n<h2 style=\"text-align: left\">Google AdWords and Google Conversion-Tracking<\/h2>\n<p style=\"text-align: left\">Our website uses Google AdWords. The provider is the Google Inc., 1600 Amphitheatre Parkway, Mountain View, CA 94043, United States.<br \/>\nAdWords is an online advertising program. As part of the online advertising program, we work with conversion tracking. After you click on an ad placed by Google, a cookie is set for conversion tracking. Cookies are small text files that your web browser stores on your device. Google AdWords cookies expire after 30 days and are not used to personally identify users. The cookie allows Google and us to recognize that you clicked on an ad and were redirected to our website.<br \/>\nJeder Google AdWords-Kunde erh\u00e4lt ein anderes Cookie. Die Cookies sind nicht \u00fcber Websites von AdWords-Kunden nachverfolgbar. Mit Conversion-Cookies werden Conversion-Statistiken f\u00fcr Each Google AdWords customer receives a different cookie. The cookies cannot be tracked via AdWords customer websites. Conversion cookies are used to create conversion statistics for AdWords customers who use conversion tracking. Adwords customers find out how many users clicked on their ad and were redirected to pages with a conversion tracking tag. However, AdWords customers do not receive any information that allows users to be personally identified. If you do not want to participate in tracking, you can object to its use. Here the conversion cookie must be deactivated in the user settings of the browser. This means that it is not included in the conversion tracking statistics.<br \/>\nThe storage of \u201cconversion cookies\u201d is based on Art. 6 Para. 1 lit. f GDPR. As website operators, we have a legitimate interest in analyzing user behavior in order to optimize our website and our advertising.<br \/>\nDetails about Google AdWords and Google Conversion Tracking can be found in Google&#8217;s data protection regulations: <a href=\"https:\/\/www.google.de\/policies\/privacy\/\" target=\"_blank\" rel=\"noopener\">https:\/\/www.google.de\/policies\/privacy\/<\/a>.<br \/>\nWith a modern web browser you can monitor, restrict or prevent the setting of cookies. Deactivating cookies may result in limited functionality of our website.<br \/>\nSource: Data protection configurator from <a href=\"http:\/\/mein-datenschutzbeauftragter.de\" target=\"_blank\" rel=\"noopener\">mein-datenschutzbeauftragter.de<\/a><\/p>\n","protected":false},"excerpt":{"rendered":"<p>General and mandatory information Designation of the responsible organisation The responsible organisation for data processing on this website is: MARBURGER GRUND Service GmbH Dr. Bj\u00f6rn Busch \/ Imke M\u00fcller-Sajak Steinweg 45 35037 Marburg The responsible person decides alone or jointly with others on the purposes and means of processing personal data (for example names, contact [&hellip;]<\/p>\n","protected":false},"author":46,"featured_media":0,"parent":0,"menu_order":140,"comment_status":"closed","ping_status":"closed","template":"","meta":{"footnotes":""},"class_list":["post-363","page","type-page","status-publish","hentry"],"yoast_head":"<!-- This site is optimized with the Yoast SEO plugin v26.9 - https:\/\/yoast.com\/product\/yoast-seo-wordpress\/ -->\n<title>Data protection declaration - Elisabeth Apartments<\/title>\n<meta name=\"description\" content=\"General and mandatory information Designation of the responsible organisation The responsible organisation for data processing on this website is:\" \/>\n<meta name=\"robots\" content=\"index, follow, max-snippet:-1, max-image-preview:large, max-video-preview:-1\" \/>\n<link rel=\"canonical\" href=\"https:\/\/www.elisabeth-apartments.de\/en\/data-protection-declaration\/\" \/>\n<meta property=\"og:locale\" content=\"en_US\" \/>\n<meta property=\"og:type\" content=\"article\" \/>\n<meta property=\"og:title\" content=\"Data protection declaration - Elisabeth Apartments\" \/>\n<meta property=\"og:description\" content=\"General and mandatory information Designation of the responsible organisation The responsible organisation for data processing on this website is:\" \/>\n<meta property=\"og:url\" content=\"https:\/\/www.elisabeth-apartments.de\/en\/data-protection-declaration\/\" \/>\n<meta property=\"og:site_name\" content=\"Elisabeth Apartments\" \/>\n<meta property=\"article:modified_time\" content=\"2026-03-05T16:36:24+00:00\" \/>\n<meta name=\"twitter:card\" content=\"summary_large_image\" \/>\n<meta name=\"twitter:label1\" content=\"Est. reading time\" \/>\n\t<meta name=\"twitter:data1\" content=\"15 minutes\" \/>\n<script type=\"application\/ld+json\" class=\"yoast-schema-graph\">{\"@context\":\"https:\/\/schema.org\",\"@graph\":[{\"@type\":\"WebPage\",\"@id\":\"https:\/\/www.elisabeth-apartments.de\/en\/data-protection-declaration\/\",\"url\":\"https:\/\/www.elisabeth-apartments.de\/en\/data-protection-declaration\/\",\"name\":\"Data protection declaration - Elisabeth Apartments\",\"isPartOf\":{\"@id\":\"http:\/\/www.elisabeth-apartments.de\/en\/#website\"},\"datePublished\":\"2023-03-08T16:39:04+00:00\",\"dateModified\":\"2026-03-05T16:36:24+00:00\",\"description\":\"General and mandatory information Designation of the responsible organisation The responsible organisation for data processing on this website is:\",\"breadcrumb\":{\"@id\":\"https:\/\/www.elisabeth-apartments.de\/en\/data-protection-declaration\/#breadcrumb\"},\"inLanguage\":\"en-US\",\"potentialAction\":[{\"@type\":\"ReadAction\",\"target\":[\"https:\/\/www.elisabeth-apartments.de\/en\/data-protection-declaration\/\"]}]},{\"@type\":\"BreadcrumbList\",\"@id\":\"https:\/\/www.elisabeth-apartments.de\/en\/data-protection-declaration\/#breadcrumb\",\"itemListElement\":[{\"@type\":\"ListItem\",\"position\":1,\"name\":\"Home\",\"item\":\"https:\/\/www.elisabeth-apartments.de\/en\/\"},{\"@type\":\"ListItem\",\"position\":2,\"name\":\"Data protection declaration\"}]},{\"@type\":\"WebSite\",\"@id\":\"http:\/\/www.elisabeth-apartments.de\/en\/#website\",\"url\":\"http:\/\/www.elisabeth-apartments.de\/en\/\",\"name\":\"Elisabeth Apartments\",\"description\":\"\",\"potentialAction\":[{\"@type\":\"SearchAction\",\"target\":{\"@type\":\"EntryPoint\",\"urlTemplate\":\"http:\/\/www.elisabeth-apartments.de\/en\/?s={search_term_string}\"},\"query-input\":{\"@type\":\"PropertyValueSpecification\",\"valueRequired\":true,\"valueName\":\"search_term_string\"}}],\"inLanguage\":\"en-US\"}]}<\/script>\n<!-- \/ Yoast SEO plugin. -->","yoast_head_json":{"title":"Data protection declaration - Elisabeth Apartments","description":"General and mandatory information Designation of the responsible organisation The responsible organisation for data processing on this website is:","robots":{"index":"index","follow":"follow","max-snippet":"max-snippet:-1","max-image-preview":"max-image-preview:large","max-video-preview":"max-video-preview:-1"},"canonical":"https:\/\/www.elisabeth-apartments.de\/en\/data-protection-declaration\/","og_locale":"en_US","og_type":"article","og_title":"Data protection declaration - Elisabeth Apartments","og_description":"General and mandatory information Designation of the responsible organisation The responsible organisation for data processing on this website is:","og_url":"https:\/\/www.elisabeth-apartments.de\/en\/data-protection-declaration\/","og_site_name":"Elisabeth Apartments","article_modified_time":"2026-03-05T16:36:24+00:00","twitter_card":"summary_large_image","twitter_misc":{"Est. reading time":"15 minutes"},"schema":{"@context":"https:\/\/schema.org","@graph":[{"@type":"WebPage","@id":"https:\/\/www.elisabeth-apartments.de\/en\/data-protection-declaration\/","url":"https:\/\/www.elisabeth-apartments.de\/en\/data-protection-declaration\/","name":"Data protection declaration - Elisabeth Apartments","isPartOf":{"@id":"http:\/\/www.elisabeth-apartments.de\/en\/#website"},"datePublished":"2023-03-08T16:39:04+00:00","dateModified":"2026-03-05T16:36:24+00:00","description":"General and mandatory information Designation of the responsible organisation The responsible organisation for data processing on this website is:","breadcrumb":{"@id":"https:\/\/www.elisabeth-apartments.de\/en\/data-protection-declaration\/#breadcrumb"},"inLanguage":"en-US","potentialAction":[{"@type":"ReadAction","target":["https:\/\/www.elisabeth-apartments.de\/en\/data-protection-declaration\/"]}]},{"@type":"BreadcrumbList","@id":"https:\/\/www.elisabeth-apartments.de\/en\/data-protection-declaration\/#breadcrumb","itemListElement":[{"@type":"ListItem","position":1,"name":"Home","item":"https:\/\/www.elisabeth-apartments.de\/en\/"},{"@type":"ListItem","position":2,"name":"Data protection declaration"}]},{"@type":"WebSite","@id":"http:\/\/www.elisabeth-apartments.de\/en\/#website","url":"http:\/\/www.elisabeth-apartments.de\/en\/","name":"Elisabeth Apartments","description":"","potentialAction":[{"@type":"SearchAction","target":{"@type":"EntryPoint","urlTemplate":"http:\/\/www.elisabeth-apartments.de\/en\/?s={search_term_string}"},"query-input":{"@type":"PropertyValueSpecification","valueRequired":true,"valueName":"search_term_string"}}],"inLanguage":"en-US"}]}},"acf":[],"_links":{"self":[{"href":"https:\/\/www.elisabeth-apartments.de\/en\/wp-json\/wp\/v2\/pages\/363","targetHints":{"allow":["GET"]}}],"collection":[{"href":"https:\/\/www.elisabeth-apartments.de\/en\/wp-json\/wp\/v2\/pages"}],"about":[{"href":"https:\/\/www.elisabeth-apartments.de\/en\/wp-json\/wp\/v2\/types\/page"}],"author":[{"embeddable":true,"href":"https:\/\/www.elisabeth-apartments.de\/en\/wp-json\/wp\/v2\/users\/46"}],"replies":[{"embeddable":true,"href":"https:\/\/www.elisabeth-apartments.de\/en\/wp-json\/wp\/v2\/comments?post=363"}],"version-history":[{"count":0,"href":"https:\/\/www.elisabeth-apartments.de\/en\/wp-json\/wp\/v2\/pages\/363\/revisions"}],"wp:attachment":[{"href":"https:\/\/www.elisabeth-apartments.de\/en\/wp-json\/wp\/v2\/media?parent=363"}],"curies":[{"name":"wp","href":"https:\/\/api.w.org\/{rel}","templated":true}]}}